{"id":1286,"date":"2020-01-23T11:09:54","date_gmt":"2020-01-23T11:09:54","guid":{"rendered":"http:\/\/betshop.36win.be\/?page_id=1286"},"modified":"2024-04-17T07:32:42","modified_gmt":"2024-04-17T07:32:42","slug":"contact-fr","status":"publish","type":"page","link":"https:\/\/betshop.36win.be\/?page_id=1286&lang=fr","title":{"rendered":"contact fr"},"content":{"rendered":"<p>[vc_row][vc_column]<div role=\"form\" class=\"wpcf7\" id=\"wpcf7-f1173-o1\" lang=\"nl-NL\" dir=\"ltr\">\n<div class=\"screen-reader-response\"><p role=\"status\" aria-live=\"polite\" aria-atomic=\"true\"><\/p> <ul><\/ul><\/div>\n<form action=\"\/index.php?rest_route=%2Fwp%2Fv2%2Fpages%2F1286#wpcf7-f1173-o1\" method=\"post\" class=\"wpcf7-form init\" novalidate=\"novalidate\" data-status=\"init\">\n<div style=\"display: none;\">\n<input type=\"hidden\" name=\"_wpcf7\" value=\"1173\" \/>\n<input type=\"hidden\" name=\"_wpcf7_version\" value=\"5.4.1\" \/>\n<input type=\"hidden\" name=\"_wpcf7_locale\" value=\"nl_NL\" \/>\n<input type=\"hidden\" name=\"_wpcf7_unit_tag\" value=\"wpcf7-f1173-o1\" \/>\n<input type=\"hidden\" name=\"_wpcf7_container_post\" value=\"0\" \/>\n<input type=\"hidden\" name=\"_wpcf7_posted_data_hash\" value=\"\" \/>\n<input type=\"hidden\" name=\"_wpcf7_recaptcha_response\" value=\"\" \/>\n<\/div>\n<fieldset>\n<table class=\"formtable\">\n<tbody>\n<tr>\n<td>Nom et pr\u00e9nom <\/td>\n<td><span class=\"wpcf7-form-control-wrap cf7s-name\"><input type=\"text\" name=\"cf7s-name\" value=\"\" size=\"40\" class=\"wpcf7-form-control wpcf7-text\" id=\"cf7s-name\" aria-invalid=\"false\" \/><\/span><\/td>\n<\/tr>\n<tr>\n<td>Adresse <\/td>\n<td><span class=\"wpcf7-form-control-wrap cf7s-address\"><input type=\"text\" name=\"cf7s-address\" value=\"\" size=\"40\" class=\"wpcf7-form-control wpcf7-text\" id=\"cf7s-address\" aria-invalid=\"false\" \/><\/span><\/td>\n<\/tr>\n<tr>\n<td>Ville <\/td>\n<td><span class=\"wpcf7-form-control-wrap cf7s-city\"><input type=\"text\" name=\"cf7s-city\" value=\"\" size=\"40\" class=\"wpcf7-form-control wpcf7-text\" id=\"cf7s-city\" aria-invalid=\"false\" \/><\/span><\/td>\n<\/tr>\n<tr>\n<td>Tel. <\/td>\n<td><span class=\"wpcf7-form-control-wrap cf7s-phone\"><input type=\"tel\" name=\"cf7s-phone\" value=\"\" size=\"40\" class=\"wpcf7-form-control wpcf7-text wpcf7-tel wpcf7-validates-as-tel\" id=\"cf7s-phone\" aria-invalid=\"false\" \/><\/span><\/td>\n<\/tr>\n<tr>\n<td>Adresse mail <\/td>\n<td><span class=\"wpcf7-form-control-wrap cf7s-email\"><input type=\"email\" name=\"cf7s-email\" value=\"\" size=\"40\" class=\"wpcf7-form-control wpcf7-text wpcf7-email wpcf7-validates-as-email\" id=\"cf7s-email\" aria-invalid=\"false\" \/><\/span><\/td>\n<\/tr>\n<tr>\n<td>Je suis titulaire d\u2019un permis : <\/td>\n<td><span class=\"wpcf7-form-control-wrap cf7s-select1\"><select name=\"cf7s-select1\" class=\"wpcf7-form-control wpcf7-select\" id=\"cf7s-select1\" aria-invalid=\"false\"><option value=\"-\">-<\/option><option value=\"OUI\">OUI<\/option><option value=\"NON\">NON<\/option><\/select><\/span><\/td>\n<\/tr>\n<tr>\n<td>Une collaboration avec un autre fournisseur de paris a d\u00e9j\u00e0 \u00e9t\u00e9 \u00e9tablie : <\/td>\n<td><span class=\"wpcf7-form-control-wrap cf7s-select2\"><select name=\"cf7s-select2\" class=\"wpcf7-form-control wpcf7-select\" id=\"cf7s-select2\" aria-invalid=\"false\"><option value=\"-\">-<\/option><option value=\"OUI\">OUI<\/option><option value=\"NON\">NON<\/option><\/select><\/span><\/td>\n<\/tr>\n<tr>\n<td>Je d\u00e9sire offrir les paris sportifs de 36Win.be : <\/td>\n<td><span class=\"wpcf7-form-control-wrap cf7s-select3\"><select name=\"cf7s-select3\" class=\"wpcf7-form-control wpcf7-select\" id=\"cf7s-select3\" aria-invalid=\"false\"><option value=\"-\">-<\/option><option value=\"Dans ma librairie\">Dans ma librairie<\/option><option value=\"Dans mon bureau de pari\">Dans mon bureau de pari<\/option><option value=\"Dans un endroit s\u00e9par\u00e9 de ma librairie\">Dans un endroit s\u00e9par\u00e9 de ma librairie<\/option><\/select><\/span><\/td>\n<\/tr>\n<tr>\n<td>Suppl\u00e9mentaire <\/td>\n<td><span class=\"wpcf7-form-control-wrap cf7s-special-needs\"><textarea name=\"cf7s-special-needs\" cols=\"40\" rows=\"10\" class=\"wpcf7-form-control wpcf7-textarea\" id=\"cf7s-special-needs\" aria-invalid=\"false\"><\/textarea><\/span><\/td>\n<\/tr>\n<tr>\n<td><input type=\"submit\" value=\"Envoyer\" class=\"wpcf7-form-control wpcf7-submit\" \/><\/td>\n<td><\/td>\n<\/tr>\n<\/tbody>\n<\/table>\n<\/fieldset>\n<div class=\"wpcf7-response-output\" aria-hidden=\"true\"><\/div><\/form><\/div>[\/vc_column][\/vc_row]<\/p>\n","protected":false},"excerpt":{"rendered":"<p>[vc_row][vc_column][\/vc_column][\/vc_row]<\/p>\n","protected":false},"author":1,"featured_media":0,"parent":0,"menu_order":0,"comment_status":"closed","ping_status":"closed","template":"","meta":[],"_links":{"self":[{"href":"https:\/\/betshop.36win.be\/index.php?rest_route=\/wp\/v2\/pages\/1286"}],"collection":[{"href":"https:\/\/betshop.36win.be\/index.php?rest_route=\/wp\/v2\/pages"}],"about":[{"href":"https:\/\/betshop.36win.be\/index.php?rest_route=\/wp\/v2\/types\/page"}],"author":[{"embeddable":true,"href":"https:\/\/betshop.36win.be\/index.php?rest_route=\/wp\/v2\/users\/1"}],"replies":[{"embeddable":true,"href":"https:\/\/betshop.36win.be\/index.php?rest_route=%2Fwp%2Fv2%2Fcomments&post=1286"}],"version-history":[{"count":2,"href":"https:\/\/betshop.36win.be\/index.php?rest_route=\/wp\/v2\/pages\/1286\/revisions"}],"predecessor-version":[{"id":1288,"href":"https:\/\/betshop.36win.be\/index.php?rest_route=\/wp\/v2\/pages\/1286\/revisions\/1288"}],"wp:attachment":[{"href":"https:\/\/betshop.36win.be\/index.php?rest_route=%2Fwp%2Fv2%2Fmedia&parent=1286"}],"curies":[{"name":"wp","href":"https:\/\/api.w.org\/{rel}","templated":true}]}}